{"id":164,"date":"2023-06-24T10:52:10","date_gmt":"2023-06-24T08:52:10","guid":{"rendered":"https:\/\/restaurante-canostra.com\/?page_id=164"},"modified":"2026-04-04T00:43:38","modified_gmt":"2026-04-03T22:43:38","slug":"menu","status":"publish","type":"page","link":"https:\/\/restaurante-canostra.com\/de\/comida-bebida\/menu\/","title":{"rendered":"Speisekarte"},"content":{"rendered":"\n<div style=\"height:30px\" aria-hidden=\"true\" class=\"wp-block-spacer\"><\/div>\n\n\n\n<h2 class=\"wp-block-heading\"><strong>Vorspeisen<\/strong><\/h2>\n\n\n\n<figure class=\"wp-block-table is-style-stripes\" style=\"font-size:16px\"><table><tbody><tr><td>Unser hausgemachtes Sauerteigbrot<a href=\"#_ftn1\" id=\"_ftnref1\"><u>[1]<\/u><\/a>\u00a0\u00a0 &#038; Aioli 2prs<\/td><td class=\"has-text-align-right\" data-align=\"right\">6,00 \u20ac<\/td><\/tr><tr><td>Rindfleischkroketten, ger\u00e4ucherte \u201c\u00d1ora Paprika\u201d Mayonnaise<\/td><td class=\"has-text-align-right\" data-align=\"right\">12.00 \u20ac<\/td><\/tr><tr><td>Pilzkroketten, getr\u00fcffelte Mayonnaise und Schnittlauch<\/td><td class=\"has-text-align-right\" data-align=\"right\">10,50 \u20ac<\/td><\/tr><tr><td>Kabeljaukroketten, Aioli<\/td><td class=\"has-text-align-right\" data-align=\"right\">11,50 \u20ac<\/td><\/tr><tr><td>Fr\u00fchlingsrollen mit Rindfleisch und Gem\u00fcse, Sauce s\u00fc\u00df-sauer<\/td><td class=\"has-text-align-right\" data-align=\"right\">12.50\u20ac<\/td><\/tr><tr><td>TNT-Garnelen, Kimchi-Mayo, s\u00fc\u00df-saurer Sauce und ger\u00f6steten Mandeln<\/td><td class=\"has-text-align-right\" data-align=\"right\">18.00 \u20ac<\/td><\/tr><tr><td>Pimientos de Padron <\/td><td class=\"has-text-align-right\" data-align=\"right\">8.50 \u20ac<\/td><\/tr><tr><td>Steak Tartar<\/td><td class=\"has-text-align-right\" data-align=\"right\">19,00 \u20ac<\/td><\/tr><tr><td>Iberischer Schinken (100 g)<\/td><td class=\"has-text-align-right\" data-align=\"right\">17.00\u20ac<\/td><\/tr><tr><td>Ziegenk\u00e4se, Gem\u00fcse und Salat, frisch vom Feld<\/td><td class=\"has-text-align-right\" data-align=\"right\">17,00 \u20ac<\/td><\/tr><tr><td>Thunfisch Tataki, Wakame mit Teriyakisauce<\/td><td class=\"has-text-align-right\" data-align=\"right\">18.00 \u20ac<\/td><\/tr><tr><td>Burrata mit Tomaten und hausgemachtem Pesto<\/td><td class=\"has-text-align-right\" data-align=\"right\">17,50 \u20ac<\/td><\/tr><tr><td>Gemischte Kroketten (6 St\u00fcck)<\/td><td class=\"has-text-align-right\" data-align=\"right\">14,00 \u20ac<\/td><\/tr><tr><td><\/td><td class=\"has-text-align-right\" data-align=\"right\"><\/td><\/tr><tr><td><\/td><td class=\"has-text-align-right\" data-align=\"right\"><\/td><\/tr><tr><td><\/td><td class=\"has-text-align-right\" data-align=\"right\"><\/td><\/tr><\/tbody><\/table><\/figure>\n\n\n\n<div style=\"height:50px\" aria-hidden=\"true\" class=\"wp-block-spacer\"><\/div>\n\n\n\n<h3 class=\"wp-block-heading\"><strong><strong><strong>Unser<\/strong><\/strong><\/strong>e Reisgerichte &#8211; (\u201eOfenpaellas\u201c)<\/h3>\n\n\n\n<figure class=\"wp-block-table is-style-stripes\" style=\"font-size:16px\"><table><tbody><tr><td> Paella &#8222;a la llauna&#8220; mit Babytintenfisch und Garnelen<\/td><td class=\"has-text-align-right\" data-align=\"right\">21.00 \u20ac<\/td><\/tr><tr><td>Paella &#8222;a la llauna&#8220; mit Iberisches Geheimnis<\/td><td class=\"has-text-align-right\" data-align=\"right\">20,00 \u20ac<\/td><\/tr><tr><td>Paella &#8222;a la llauna&#8220; mit  frischem Gem\u00fcse der Saison<\/td><td class=\"has-text-align-right\" data-align=\"right\">19.00 \u20ac<\/td><\/tr><tr><td>Pasta Pasta mit Garnelen und Tr\u00fcffelsauce<\/td><td class=\"has-text-align-right\" data-align=\"right\">19,00 \u20ac<\/td><\/tr><tr><td><\/td><td class=\"has-text-align-right\" data-align=\"right\"><\/td><\/tr><\/tbody><\/table><\/figure>\n\n\n\n<div style=\"height:50px\" aria-hidden=\"true\" class=\"wp-block-spacer\"><\/div>\n\n\n\n<h3 class=\"wp-block-heading\"><strong><strong><strong><strong>Aus dem Meer<\/strong><\/strong><\/strong><\/strong><\/h3>\n\n\n\n<figure class=\"wp-block-table is-style-stripes\" style=\"font-size:16px\"><table><tbody><tr><td>Gratinierter Kabeljau mit mallorquinischem Tumbet<\/td><td class=\"has-text-align-right\" data-align=\"right\">24,00 \u20ac<\/td><\/tr><tr><td>Thunfisch Steak mit saisonaler Beilage<\/td><td class=\"has-text-align-right\" data-align=\"right\">23,50 \u20ac<\/td><\/tr><tr><td>Oktopus, schwarzes Risotto und Safranaioli<\/td><td class=\"has-text-align-right\" data-align=\"right\">24,50 \u20ac<\/td><\/tr><tr><td>Tintenfisch mit Babykartoffeln, Sauce &#8222;Pebre&#8220; und Koriander-Alioli<\/td><td class=\"has-text-align-right\" data-align=\"right\">23,00 \u20ac<\/td><\/tr><tr><td>Frischer Fisch des Tages mit gemischtem Salat<\/td><td class=\"has-text-align-right\" data-align=\"right\">P.M.<\/td><\/tr><\/tbody><\/table><\/figure>\n\n\n\n<div style=\"height:50px\" aria-hidden=\"true\" class=\"wp-block-spacer\"><\/div>\n\n\n\n<h3 class=\"wp-block-heading\"><strong><strong><strong>Vom Land<\/strong><\/strong><\/strong><\/h3>\n\n\n\n<figure class=\"wp-block-table is-style-stripes\" style=\"font-size:16px\"><table><tbody><tr><td>H\u00e4hnchen-Saltimbocca mit Kartoffeln und Gem\u00fcse<\/td><td class=\"has-text-align-right\" data-align=\"right\">19.50 \u20ac<\/td><\/tr><tr><td>18 Stunden lang geschmorte Lammhaxe in Rosmarinhonig mit Kartoffeln und Parmentier<\/td><td class=\"has-text-align-right\" data-align=\"right\">22.50 \u20ac<\/td><\/tr><tr><td>Iberisches Geheimnis mit Pebre, Saisongem\u00fcse und Kartoffeln&nbsp;&nbsp;&nbsp;<\/td><td class=\"has-text-align-right\" data-align=\"right\">23.00 \u20ac<\/td><\/tr><tr><td>Duroc-Schweinerippchen, asiatische BBQ-Sauce, Salat, rustikale Kartoffeln<\/td><td class=\"has-text-align-right\" data-align=\"right\">21.00 \u20ac<\/td><\/tr><tr><td>Kronfleischsteak (Rindfleich) mit Chimichurri, gereiftem Mah\u00f3n-K\u00e4se und Kartoffeln<\/td><td class=\"has-text-align-right\" data-align=\"right\">21.50 \u20ac<\/td><\/tr><tr><td>Entrecote mit Sauce \u201eCaf\u00e9 de Paris\u201c, Pommes frites, Gem\u00fcse &nbsp;&nbsp;&nbsp;&nbsp;&nbsp;&nbsp;&nbsp;&nbsp;&nbsp;&nbsp;&nbsp;&nbsp;&nbsp;&nbsp;&nbsp;&nbsp;&nbsp;<\/td><td class=\"has-text-align-right\" data-align=\"right\">25.00 \u20ac<\/td><\/tr><tr><td>Schweinebacke in Portwein mit Kartoffeln und Gem\u00fcse-Parmentier<\/td><td class=\"has-text-align-right\" data-align=\"right\">21.00 \u20ac<\/td><\/tr><tr><td>Rinderfilet, Pfeffersauce, Pommes frites und Gem\u00fcse<\/td><td class=\"has-text-align-right\" data-align=\"right\">29.00 \u20ac<\/td><\/tr><\/tbody><\/table><\/figure>\n\n\n\n<div style=\"height:50px\" aria-hidden=\"true\" class=\"wp-block-spacer\"><\/div>\n\n\n\n<h3 class=\"wp-block-heading\"><strong><strong><strong><strong><strong>Bevor Sie gehen<\/strong><\/strong><\/strong><\/strong><\/strong><\/h3>\n\n\n\n<figure class=\"wp-block-table is-style-stripes\" style=\"font-size:16px\"><table><tbody><tr><td>Unsere hausgemachten Desserts<\/td><td class=\"has-text-align-right\" data-align=\"right\">7.50 \u20ac<\/td><\/tr><\/tbody><\/table><\/figure>\n\n\n\n<div style=\"height:50px\" aria-hidden=\"true\" class=\"wp-block-spacer\"><\/div>\n","protected":false},"excerpt":{"rendered":"<p>Vorspeisen Unser hausgemachtes Sauerteigbrot[1]\u00a0\u00a0 &#038; Aioli 2prs 6,00 \u20ac Rindfleischkroketten, ger\u00e4ucherte \u201c\u00d1ora Paprika\u201d Mayonnaise 12.00 \u20ac Pilzkroketten, getr\u00fcffelte Mayonnaise und Schnittlauch 10,50 \u20ac Kabeljaukroketten, Aioli 11,50 \u20ac Fr\u00fchlingsrollen mit Rindfleisch und Gem\u00fcse, Sauce s\u00fc\u00df-sauer 12.50\u20ac TNT-Garnelen, Kimchi-Mayo, s\u00fc\u00df-saurer Sauce und ger\u00f6steten Mandeln 18.00 \u20ac Pimientos de Padron 8.50 \u20ac Steak Tartar 19,00 \u20ac Iberischer Schinken&hellip;&nbsp;<a href=\"https:\/\/restaurante-canostra.com\/de\/comida-bebida\/menu\/\" rel=\"bookmark\">Weiterlesen &raquo;<span class=\"screen-reader-text\">Speisekarte<\/span><\/a><\/p>\n","protected":false},"author":1,"featured_media":0,"parent":35,"menu_order":0,"comment_status":"closed","ping_status":"closed","template":"","meta":{"neve_meta_sidebar":"","neve_meta_container":"","neve_meta_enable_content_width":"","neve_meta_content_width":0,"neve_meta_title_alignment":"","neve_meta_author_avatar":"","neve_post_elements_order":"","neve_meta_disable_header":"","neve_meta_disable_footer":"","neve_meta_disable_title":"","footnotes":""},"class_list":["post-164","page","type-page","status-publish","hentry"],"_links":{"self":[{"href":"https:\/\/restaurante-canostra.com\/de\/wp-json\/wp\/v2\/pages\/164","targetHints":{"allow":["GET"]}}],"collection":[{"href":"https:\/\/restaurante-canostra.com\/de\/wp-json\/wp\/v2\/pages"}],"about":[{"href":"https:\/\/restaurante-canostra.com\/de\/wp-json\/wp\/v2\/types\/page"}],"author":[{"embeddable":true,"href":"https:\/\/restaurante-canostra.com\/de\/wp-json\/wp\/v2\/users\/1"}],"replies":[{"embeddable":true,"href":"https:\/\/restaurante-canostra.com\/de\/wp-json\/wp\/v2\/comments?post=164"}],"version-history":[{"count":75,"href":"https:\/\/restaurante-canostra.com\/de\/wp-json\/wp\/v2\/pages\/164\/revisions"}],"predecessor-version":[{"id":711,"href":"https:\/\/restaurante-canostra.com\/de\/wp-json\/wp\/v2\/pages\/164\/revisions\/711"}],"up":[{"embeddable":true,"href":"https:\/\/restaurante-canostra.com\/de\/wp-json\/wp\/v2\/pages\/35"}],"wp:attachment":[{"href":"https:\/\/restaurante-canostra.com\/de\/wp-json\/wp\/v2\/media?parent=164"}],"curies":[{"name":"wp","href":"https:\/\/api.w.org\/{rel}","templated":true}]}}