{"id":20,"date":"2023-05-22T23:33:17","date_gmt":"2023-05-22T21:33:17","guid":{"rendered":"https:\/\/restaurante-canostra.com\/?page_id=20"},"modified":"2023-06-29T00:43:01","modified_gmt":"2023-06-28T22:43:01","slug":"home","status":"publish","type":"page","link":"https:\/\/restaurante-canostra.com\/de\/","title":{"rendered":"Home"},"content":{"rendered":"\n<p><\/p>\n\n\n\n<div class=\"wp-block-columns is-layout-flex wp-container-core-columns-is-layout-9d6595d7 wp-block-columns-is-layout-flex\">\n<div class=\"wp-block-column is-layout-flow wp-block-column-is-layout-flow\">\n<p>Die K\u00fcche des Restaurants Ca Nostra basiert auf frischen Zutaten von h\u00f6chster Qualit\u00e4t. Das Restaurant ist stolz darauf, lokale und biologische Produkte zu verwenden und so den authentischen und nat\u00fcrlichen Geschmack jedes Gerichts hervorzuheben.<\/p>\n\n\n\n<p>Die Speisekarte ist eine Kombination aus traditionellen und kreativen Rezepten, die auch den anspruchsvollsten Gaumen zufriedenstellen.<\/p>\n<\/div>\n\n\n\n<div class=\"wp-block-column is-layout-flow wp-block-column-is-layout-flow\">\n<figure class=\"wp-block-image size-large\"><img loading=\"lazy\" decoding=\"async\" width=\"1024\" height=\"512\" src=\"http:\/\/restaurante-canostra.com\/wp-content\/uploads\/2023\/05\/bg_V5-1024x512.jpg\" alt=\"\" class=\"wp-image-69\" srcset=\"https:\/\/restaurante-canostra.com\/wp-content\/uploads\/2023\/05\/bg_V5-1024x512.jpg 1024w, https:\/\/restaurante-canostra.com\/wp-content\/uploads\/2023\/05\/bg_V5-300x150.jpg 300w, https:\/\/restaurante-canostra.com\/wp-content\/uploads\/2023\/05\/bg_V5-768x384.jpg 768w, https:\/\/restaurante-canostra.com\/wp-content\/uploads\/2023\/05\/bg_V5.jpg 1400w\" sizes=\"auto, (max-width: 1024px) 100vw, 1024px\" \/><\/figure>\n<\/div>\n<\/div>\n\n\n\n<div class=\"wp-block-columns is-layout-flex wp-container-core-columns-is-layout-9d6595d7 wp-block-columns-is-layout-flex\">\n<div class=\"wp-block-column is-layout-flow wp-block-column-is-layout-flow\">\n<figure class=\"wp-block-image size-large\"><img loading=\"lazy\" decoding=\"async\" width=\"1024\" height=\"512\" src=\"http:\/\/restaurante-canostra.com\/wp-content\/uploads\/2023\/06\/Ca-Nostra_Restaurante_S3-1024x512.jpg\" alt=\"\" class=\"wp-image-103\" srcset=\"https:\/\/restaurante-canostra.com\/wp-content\/uploads\/2023\/06\/Ca-Nostra_Restaurante_S3-1024x512.jpg 1024w, https:\/\/restaurante-canostra.com\/wp-content\/uploads\/2023\/06\/Ca-Nostra_Restaurante_S3-300x150.jpg 300w, https:\/\/restaurante-canostra.com\/wp-content\/uploads\/2023\/06\/Ca-Nostra_Restaurante_S3-768x384.jpg 768w, https:\/\/restaurante-canostra.com\/wp-content\/uploads\/2023\/06\/Ca-Nostra_Restaurante_S3-200x100.jpg 200w, https:\/\/restaurante-canostra.com\/wp-content\/uploads\/2023\/06\/Ca-Nostra_Restaurante_S3.jpg 1400w\" sizes=\"auto, (max-width: 1024px) 100vw, 1024px\" \/><\/figure>\n<\/div>\n\n\n\n<div class=\"wp-block-column is-layout-flow wp-block-column-is-layout-flow\">\n<p>Der Service im Restaurant Ca Nostra ist warm und freundlich. Die Mitarbeiter sind bestrebt, jedem Gast ein au\u00dfergew\u00f6hnliches Erlebnis zu bieten und daf\u00fcr zu sorgen, dass Sie sich vom ersten Moment an wie zu Hause f\u00fchlen.<\/p>\n\n\n\n<p>Wenn Sie auf der Suche nach einem Ort sind, an dem Sie eine authentische Mahlzeit in einer bezaubernden Umgebung genie\u00dfen k\u00f6nnen, ist das Restaurant &#8222;Ca Nostra&#8220; die perfekte Wahl. Wir laden Sie ein, ein einzigartiges kulinarisches Erlebnis zu erleben, bei dem sich die Aromen des Landes und des Meeres mit dem Charme verbinden, um Ihre Sinne zu erfreuen.<\/p>\n<\/div>\n<\/div>\n","protected":false},"excerpt":{"rendered":"<p>Die K\u00fcche des Restaurants Ca Nostra basiert auf frischen Zutaten von h\u00f6chster Qualit\u00e4t. Das Restaurant ist stolz darauf, lokale und biologische Produkte zu verwenden und so den authentischen und nat\u00fcrlichen Geschmack jedes Gerichts hervorzuheben. Die Speisekarte ist eine Kombination aus traditionellen und kreativen Rezepten, die auch den anspruchsvollsten Gaumen zufriedenstellen. Der Service im Restaurant Ca&hellip;&nbsp;<a href=\"https:\/\/restaurante-canostra.com\/de\/\" rel=\"bookmark\">Weiterlesen &raquo;<span class=\"screen-reader-text\">Home<\/span><\/a><\/p>\n","protected":false},"author":1,"featured_media":0,"parent":0,"menu_order":0,"comment_status":"closed","ping_status":"closed","template":"","meta":{"neve_meta_sidebar":"","neve_meta_container":"","neve_meta_enable_content_width":"","neve_meta_content_width":0,"neve_meta_title_alignment":"","neve_meta_author_avatar":"","neve_post_elements_order":"","neve_meta_disable_header":"","neve_meta_disable_footer":"","neve_meta_disable_title":"","footnotes":""},"class_list":["post-20","page","type-page","status-publish","hentry"],"_links":{"self":[{"href":"https:\/\/restaurante-canostra.com\/de\/wp-json\/wp\/v2\/pages\/20","targetHints":{"allow":["GET"]}}],"collection":[{"href":"https:\/\/restaurante-canostra.com\/de\/wp-json\/wp\/v2\/pages"}],"about":[{"href":"https:\/\/restaurante-canostra.com\/de\/wp-json\/wp\/v2\/types\/page"}],"author":[{"embeddable":true,"href":"https:\/\/restaurante-canostra.com\/de\/wp-json\/wp\/v2\/users\/1"}],"replies":[{"embeddable":true,"href":"https:\/\/restaurante-canostra.com\/de\/wp-json\/wp\/v2\/comments?post=20"}],"version-history":[{"count":16,"href":"https:\/\/restaurante-canostra.com\/de\/wp-json\/wp\/v2\/pages\/20\/revisions"}],"predecessor-version":[{"id":524,"href":"https:\/\/restaurante-canostra.com\/de\/wp-json\/wp\/v2\/pages\/20\/revisions\/524"}],"wp:attachment":[{"href":"https:\/\/restaurante-canostra.com\/de\/wp-json\/wp\/v2\/media?parent=20"}],"curies":[{"name":"wp","href":"https:\/\/api.w.org\/{rel}","templated":true}]}}