{"id":81,"date":"2023-05-30T09:44:41","date_gmt":"2023-05-30T07:44:41","guid":{"rendered":"https:\/\/restaurante-canostra.com\/?page_id=81"},"modified":"2025-03-08T19:47:29","modified_gmt":"2025-03-08T18:47:29","slug":"solicitud-de-reserva","status":"publish","type":"page","link":"https:\/\/restaurante-canostra.com\/de\/solicitud-de-reserva\/","title":{"rendered":"Reservierungsanfrage"},"content":{"rendered":"\n<div class=\"wp-block-columns is-layout-flex wp-container-core-columns-is-layout-9d6595d7 wp-block-columns-is-layout-flex\">\n<div class=\"wp-block-column is-layout-flow wp-block-column-is-layout-flow\">\n<figure class=\"wp-block-image size-full\"><img loading=\"lazy\" decoding=\"async\" width=\"526\" height=\"853\" src=\"http:\/\/restaurante-canostra.com\/wp-content\/uploads\/2023\/06\/reserva_ca-nostra.png\" alt=\"Solicitud de reserva\" class=\"wp-image-314\" srcset=\"https:\/\/restaurante-canostra.com\/wp-content\/uploads\/2023\/06\/reserva_ca-nostra.png 526w, https:\/\/restaurante-canostra.com\/wp-content\/uploads\/2023\/06\/reserva_ca-nostra-185x300.png 185w\" sizes=\"auto, (max-width: 526px) 100vw, 526px\" \/><\/figure>\n\n\n\n<h5 class=\"wp-block-heading has-nv-c-1-color has-text-color\"><\/h5>\n<\/div>\n\n\n\n<div class=\"wp-block-column is-layout-flow wp-block-column-is-layout-flow\">\n<div class=\"wpcf7 no-js\" id=\"wpcf7-f80-o1\" lang=\"de-DE\" dir=\"ltr\" data-wpcf7-id=\"80\">\n<div class=\"screen-reader-response\"><p role=\"status\" aria-live=\"polite\" aria-atomic=\"true\"><\/p> <ul><\/ul><\/div>\n<form action=\"\/de\/wp-json\/wp\/v2\/pages\/81#wpcf7-f80-o1\" method=\"post\" class=\"wpcf7-form init\" aria-label=\"Kontaktformular\" novalidate=\"novalidate\" data-status=\"init\">\n<fieldset class=\"hidden-fields-container\"><input type=\"hidden\" name=\"_wpcf7\" value=\"80\" \/><input type=\"hidden\" name=\"_wpcf7_version\" value=\"6.1.5\" \/><input type=\"hidden\" name=\"_wpcf7_locale\" value=\"de_DE\" \/><input type=\"hidden\" name=\"_wpcf7_unit_tag\" value=\"wpcf7-f80-o1\" \/><input type=\"hidden\" name=\"_wpcf7_container_post\" value=\"0\" \/><input type=\"hidden\" name=\"_wpcf7_posted_data_hash\" value=\"\" \/><input type=\"hidden\" name=\"_cf7a__timestamp\" value=\"l4\/PsZhTdTHpIsMkDPGJ6A==\" \/><input type=\"hidden\" name=\"_cf7a_version\" value=\"1.0\" \/><input type=\"hidden\" name=\"_cf7a_address\" value=\"\" \/><input type=\"hidden\" name=\"_cf7a_referer\" value=\"\" \/><input type=\"hidden\" name=\"_cf7a_protocol\" value=\"\" \/><input type=\"hidden\" name=\"lang\" value=\"de\" \/><input type=\"hidden\" name=\"_cf7a_bot_fingerprint\" value=\"l4\/PsZhTdTHpIsMkDPGJ6A==\" \/><input type=\"hidden\" name=\"_cf7a_bot_fingerprint_extras\" \/><input type=\"hidden\" name=\"_cf7a_append_on_submit\" \/>\n<\/fieldset>\n<p><label> Ihr Name (Name und Nachname):<br \/>\n<span class=\"wpcf7-form-control-wrap\" data-name=\"your-name\"><input type=\"text\" name=\"name\" value=\"\" autocomplete=\"fill\" class=\"fit-the-fullspace\" aria-hidden=\"true\" tabindex=\"-1\" \/><input size=\"40\" maxlength=\"400\" class=\"wpcf7-form-control wpcf7-text wpcf7-validates-as-required\" autocomplete=\"name\" aria-required=\"true\" aria-invalid=\"false\" value=\"\" type=\"text\" name=\"your-name\" \/><\/span> <\/label>\n<\/p>\n<p><label> Ihre E-Mail Adresse<br \/>\n<span class=\"wpcf7-form-control-wrap\" data-name=\"your-email\"><input size=\"40\" maxlength=\"400\" class=\"wpcf7-form-control wpcf7-email wpcf7-validates-as-required wpcf7-text wpcf7-validates-as-email\" autocomplete=\"email\" aria-required=\"true\" aria-invalid=\"false\" value=\"\" type=\"email\" name=\"your-email\" \/><\/span> <\/label>\n<\/p>\n<p><label> Ihre Telefonnummer<br \/>\n<span class=\"wpcf7-form-control-wrap\" data-name=\"tel-53\"><input size=\"40\" maxlength=\"400\" class=\"wpcf7-form-control wpcf7-tel wpcf7-text wpcf7-validates-as-tel\" aria-invalid=\"false\" value=\"\" type=\"tel\" name=\"tel-53\" \/><\/span> <\/label>\n<\/p>\n<p><label> Tag:(Montag ist Ruhetag)<br \/>\n<span class=\"wpcf7-form-control-wrap\" data-name=\"date-643\"><input class=\"wpcf7-form-control wpcf7-date wpcf7-validates-as-required wpcf7-validates-as-date\" aria-required=\"true\" aria-invalid=\"false\" value=\"\" type=\"date\" name=\"date-643\" \/><\/span><br \/>\n<\/label>\n<\/p>\n<p><label> Uhrzeit:<br \/>\n<span class=\"wpcf7-form-control-wrap\" data-name=\"Horario\"><select class=\"wpcf7-form-control wpcf7-select wpcf7-validates-as-required\" aria-required=\"true\" aria-invalid=\"false\" name=\"Horario\"><option value=\"13:00 Uhr\">13:00 Uhr<\/option><option value=\"13:30 Uhr\">13:30 Uhr<\/option><option value=\"14:00 Uhr\">14:00 Uhr<\/option><option value=\"14:30 Uhr\">14:30 Uhr<\/option><option value=\"15:00 Uhr\">15:00 Uhr<\/option><option value=\"15:30 Uhr\">15:30 Uhr<\/option><option value=\"16:00 Uhr\">16:00 Uhr<\/option><option value=\"16:30 Uhr\">16:30 Uhr<\/option><option value=\"17:00 Uhr\">17:00 Uhr<\/option><option value=\"17:30 Uhr\">17:30 Uhr<\/option><option value=\"18:00 Uhr\">18:00 Uhr<\/option><option value=\"18:30 Uhr\">18:30 Uhr<\/option><option value=\"19:00 Uhr\">19:00 Uhr<\/option><option value=\"19:30 Uhr\">19:30 Uhr<\/option><option value=\"20:00 Uhr\">20:00 Uhr<\/option><option value=\"20:30 Uhr\">20:30 Uhr<\/option><option value=\"21:00 Uhr\">21:00 Uhr<\/option><option value=\"21:30 Uhr\">21:30 Uhr<\/option><option value=\"22:00 Uhr\">22:00 Uhr<\/option><\/select><\/span><br \/>\n<\/label>\n<\/p>\n<p><label> Personen<br \/>\n<span class=\"wpcf7-form-control-wrap\" data-name=\"number-433\"><input class=\"wpcf7-form-control wpcf7-number wpcf7-validates-as-required wpcf7-validates-as-number\" min=\"1\" max=\"50\" aria-required=\"true\" aria-invalid=\"false\" value=\"\" type=\"number\" name=\"number-433\" \/><\/span> <\/label>\n<\/p>\n<p><label> Ihre Nachricht (optional)<br \/>\n<span class=\"wpcf7-form-control-wrap\" data-name=\"your-message\"><textarea cols=\"40\" rows=\"10\" maxlength=\"2000\" class=\"wpcf7-form-control wpcf7-textarea\" aria-invalid=\"false\" name=\"your-message\"><\/textarea><\/span> <\/label>\n<\/p>\n<p><span class=\"wpcf7-form-control-wrap\" data-name=\"acceptance-660\"><span class=\"wpcf7-form-control wpcf7-acceptance\"><span class=\"wpcf7-list-item\"><label><input type=\"checkbox\" name=\"acceptance-660\" value=\"1\" aria-invalid=\"false\" \/><span class=\"wpcf7-list-item-label\">Ihre Daten werden ausschlie\u00dflich zum Zwecke der von Ihnen angeforderten Aufgabe oder Unterlagen verwendet. Nach Ablauf der gesetzlichen Aufbewahrungsfristen werden diese von uns gel\u00f6scht. Weitere Informationen finden Sie in unserer Datenschutzerkl\u00e4rung. Hiermit erkl\u00e4re ich mich einverstanden.<\/span><\/label><\/span><\/span><\/span>\n<\/p>\n<p><input class=\"wpcf7-form-control wpcf7-submit has-spinner\" type=\"submit\" value=\"RESERVIERUNG ANFRAGEN\" \/>\n<\/p><div class=\"wpcf7-response-output\" aria-hidden=\"true\"><\/div>\n<\/form>\n<\/div>\n\n<\/div>\n<\/div>\n","protected":false},"excerpt":{"rendered":"","protected":false},"author":1,"featured_media":0,"parent":0,"menu_order":0,"comment_status":"closed","ping_status":"closed","template":"","meta":{"neve_meta_sidebar":"","neve_meta_container":"","neve_meta_enable_content_width":"","neve_meta_content_width":0,"neve_meta_title_alignment":"","neve_meta_author_avatar":"","neve_post_elements_order":"","neve_meta_disable_header":"","neve_meta_disable_footer":"","neve_meta_disable_title":"","footnotes":""},"class_list":["post-81","page","type-page","status-publish","hentry"],"_links":{"self":[{"href":"https:\/\/restaurante-canostra.com\/de\/wp-json\/wp\/v2\/pages\/81","targetHints":{"allow":["GET"]}}],"collection":[{"href":"https:\/\/restaurante-canostra.com\/de\/wp-json\/wp\/v2\/pages"}],"about":[{"href":"https:\/\/restaurante-canostra.com\/de\/wp-json\/wp\/v2\/types\/page"}],"author":[{"embeddable":true,"href":"https:\/\/restaurante-canostra.com\/de\/wp-json\/wp\/v2\/users\/1"}],"replies":[{"embeddable":true,"href":"https:\/\/restaurante-canostra.com\/de\/wp-json\/wp\/v2\/comments?post=81"}],"version-history":[{"count":21,"href":"https:\/\/restaurante-canostra.com\/de\/wp-json\/wp\/v2\/pages\/81\/revisions"}],"predecessor-version":[{"id":584,"href":"https:\/\/restaurante-canostra.com\/de\/wp-json\/wp\/v2\/pages\/81\/revisions\/584"}],"wp:attachment":[{"href":"https:\/\/restaurante-canostra.com\/de\/wp-json\/wp\/v2\/media?parent=81"}],"curies":[{"name":"wp","href":"https:\/\/api.w.org\/{rel}","templated":true}]}}