{"id":118,"date":"2023-06-04T12:36:40","date_gmt":"2023-06-04T10:36:40","guid":{"rendered":"https:\/\/restaurante-canostra.com\/?page_id=118"},"modified":"2023-07-16T17:23:45","modified_gmt":"2023-07-16T15:23:45","slug":"aviso-legal","status":"publish","type":"page","link":"https:\/\/restaurante-canostra.com\/en\/aviso-legal\/","title":{"rendered":"Imprint"},"content":{"rendered":"\n<p>A trav\u00e9s del presente aviso, el prestador de servicios de la sociedad de la informaci\u00f3n, proporciona los datos que est\u00e1 obligado a poner a disposici\u00f3n de los consumidores y usuarios, por imperativo del Art. 10 de la Ley 34\/2002, de 11 de julio, de servicios de la sociedad de la informaci\u00f3n y de comercio electr\u00f3nico y del REGLAMENTO (UE) 2016\/679 DEL PARLAMENTO EUROPEO Y DEL CONSEJO de 27 de abril de 2016 relativo a la protecci\u00f3n de las personas f\u00edsicas en lo que respecta al tratamiento de datos personales y a la libre circulaci\u00f3n de estos datos y por el que se deroga la Directiva 95\/46\/CE (Reglamento general de protecci\u00f3n de datos).<\/p>\n\n\n\n<p>Entre otros, este Aviso Legal informa, como es preceptivo, sobre: la identidad del responsable de los datos personales de usuarios, la finalidad de esta recogida, el tiempo de conservaci\u00f3n de estos datos, la base para legitimar el tratamiento y los derechos de los usuarios sobre los datos que hayan suministrado.<\/p>\n\n\n\n<ol class=\"wp-block-list\">\n<li><strong>Sobre la identidad del responsable de la gesti\u00f3n de datos<\/strong><\/li>\n<\/ol>\n\n\n\n<p>Esta web es propiedad de Restaurante Ca Nostra, NIF: Y4989832L con domicilio fiscal en la Calle del Tren, 1, 07570, Art\u00e0, Espa\u00f1a y con e-mail info@restaurante-canostra.com.<\/p>\n\n\n\n<ol class=\"wp-block-list\" start=\"2\">\n<li><strong>Sobre los datos recogidos y la finalidad<\/strong><\/li>\n<\/ol>\n\n\n\n<p>Ca Nostra recoge datos personales de los usuarios del sitio web (\u201cDatos Personales\u201d). Estos datos personales y la informaci\u00f3n derivada de la utilizaci\u00f3n de los servicios gestionados y contratados a trav\u00e9s del sitio web son incorporados al documento REGISTRO DE ACTIVIDADES de Ca Nostra, almacenado de forma privada y que mantiene, adem\u00e1s, un listado actualizado de los datos personales de cada usuario. Este documento se encuentra a disposici\u00f3n de la AEPD en todo momento.<\/p>\n\n\n\n<p>Ca Nostra puede solicitar o recabar informaci\u00f3n personal de clientes online de varias maneras, incluyendo formularios online para solicitar productos o servicios y otras solicitudes en las que se invita a los clientes a facilitar dicha informaci\u00f3n.<\/p>\n\n\n\n<p>Ca Nostra informa a los clientes que los datos personales que se facilitan en el formulario de inscripci\u00f3n as\u00ed como cualquier otra informaci\u00f3n que el cliente pueda facilitar en el futuro dentro del marco de su relaci\u00f3n con Ca Nostra podr\u00e1 ser incluida en el mencionado documento \u201cREGISTRO DE ACTIVIDADES\u201d generado.<\/p>\n\n\n\n<p>Salvo que se indique otra cosa, sin perjuicio de que el suministro de los datos personales facilitados a Ca Nostra es voluntario, la falta de suministro de dichos datos personales podr\u00e1 afectar a la calidad de los servicios proporcionados por Ca Nostra.<\/p>\n\n\n\n<p>Los datos personales recabados son tratados por Ca Nostra con la finalidad, entre otras, de mantener una adecuada relaci\u00f3n con los usuarios; facilitar el acceso al servicio prestado; prestar, gestionar, administrar, ampliar y mejorar los servicios y\/o contenidos ofrecidos en el sitio web; as\u00ed como para atender adecuadamente cualquier consulta o solicitud de informaci\u00f3n planteada por los usuarios; y, en su caso, para la remisi\u00f3n de informaci\u00f3n sobre los servicios o actividades de Ca Nostra que pudieran ser del inter\u00e9s de los Usuarios.<\/p>\n\n\n\n<p>Como la mayor\u00eda de p\u00e1ginas web, Ca Nostra utiliza ficheros log. Esta informaci\u00f3n puede incluir direcciones de IP, tipo de navegador, proveedor de acceso a Internet (ISP), p\u00e1ginas de salida\/entrada, tipo de plataforma, sello de hora y fecha o n\u00famero de clicks para analizar tendencias, administrar la p\u00e1gina web, seguir los movimientos del cliente de forma agregada y recabar informaci\u00f3n demogr\u00e1fica en sentido amplio para uso conjunto. En todo caso, ninguna informaci\u00f3n que se almacene en ficheros log, incluida pero no limitada a las direcciones de IP, est\u00e1 relacionada con informaci\u00f3n personal que identifiquen a una persona.<\/p>\n\n\n\n<p>Usaremos estos datos para administrar correctamente el sitio, para operaciones internas, an\u00e1lisis de datos, pruebas, control de visitas, recopilaci\u00f3n de datos estad\u00edsticos y de uso, y para mejorar el sitio desde el punto de vista t\u00e9cnico.<\/p>\n\n\n\n<p>Los destinatarios de la informaci\u00f3n recogida ser\u00e1n exclusivamente los propios empleados de Ca Nostra o los prestadores de servicios a esta entidad (incluidas, en su caso, sus propias filiales o sociedades afiliadas).<\/p>\n\n\n\n<p>En este \u00faltimo supuesto, los prestadores de servicios estar\u00e1n vinculados por un contrato de prestaci\u00f3n de servicios en el que expresamente se recoger\u00e1n obligaciones equivalentes de privacidad y protecci\u00f3n de datos a las exigidas para los propios empleados de Ca Nostra y tendr\u00e1n expresamente prohibida la cesi\u00f3n de dichos datos a cualquier otra persona o tercero, excepto que se prevea lo contrario en esta pol\u00edtica de privacidad.<\/p>\n\n\n\n<p>Ca Nostra mantiene los niveles de protecci\u00f3n de sus datos personales conforme a la normativa vigente en materia de medidas de seguridad, y ha implantado todos los medios t\u00e9cnicos a su alcance para evitar la p\u00e9rdida, mal uso, alteraci\u00f3n, acceso no autorizado y robo de los datos que el cliente facilite a Ca Nostra. Ello no obstante, Ca Nostra no puede garantizar la seguridad absoluta de los datos. Cualquier otra informaci\u00f3n particularmente sensible, como detalles de pago recogidos para transacciones comerciales (si llegase el caso), se encriptar\u00e1 antes de ser transmitida del cliente a Ca Nostra.<\/p>\n\n\n\n<p>Los datos recogidos estar\u00e1n almacenados en los servidores de Web empresa:<\/p>\n\n\n\n<p>DATOS DEL RESPONSABLE:<\/p>\n\n\n\n<p>Identidad del Responsable: Restaurante Ca Nostra.<br>Nombre comercial: Dane Batinica<br>NIF: Y4989832L <br>Direcci\u00f3n: Calle del Tren, 1, 07570, Art\u00e0, Islas Baleares, Espa\u00f1a<br>Correo electr\u00f3nico: info@restaurante-canostra.com<\/p>\n\n\n\n<ol class=\"wp-block-list\" start=\"3\">\n<li><strong>Sobre el plazo en el que se conservan los datos personales<\/strong><\/li>\n<\/ol>\n\n\n\n<p>Ca Nostra conservar\u00e1 los datos adquiridos de forma indefinida mientras dure la relaci\u00f3n contractual, a no ser que el usuario manifieste su voluntad de cancelaci\u00f3n de la informaci\u00f3n recopilada. Una vez finalizada la relaci\u00f3n contractual con el prestador de servicios, se devolver\u00e1n o destruir\u00e1n los datos de los clientes a los que hubiesen tenido que acceder con ocasi\u00f3n de la prestaci\u00f3n de servicios.<\/p>\n\n\n\n<p>Una vez concluida la relaci\u00f3n contractual con el cliente, Ca Nostra se reserva el derecho de conservar los datos del cliente que se d\u00e9 de baja durante el tiempo necesario para cumplir con sus obligaciones legales. Durante ese tiempo los datos personales permanecer\u00e1n bloqueados y no ser\u00e1n utilizados para ninguna otra finalidad que no sea la antedicha o para la facturaci\u00f3n o cobro de facturas pendientes. Una vez concluidos los plazos legales para su mantenimiento los datos ser\u00e1n eliminados.<\/p>\n\n\n\n<ol class=\"wp-block-list\" start=\"4\">\n<li><strong>Sobre la seguridad de la web y posibles brechas de seguridad<\/strong><\/li>\n<\/ol>\n\n\n\n<p>Ca Nostra declara haber implantado en esta web los mecanismos suficientes de seguridad para evitar la filtraci\u00f3n de los datos recogidos a trav\u00e9s del formulario. En cualquier caso, si hubiese alguna fuga de seguridad que implicase alguna posible violaci\u00f3n de los datos personales de los usuarios de la web, Ca Nostra se compromete a informar tanto a las autoridades de control como a los usuarios inmediatamente despu\u00e9s de su detecci\u00f3n. La notificaci\u00f3n a los usuarios se efectuar\u00e1 fundamentalmente por correo electr\u00f3nico en tres env\u00edos para asegurar su correcta recepci\u00f3n.<\/p>\n\n\n\n<p>La notificaci\u00f3n a las autoridades de control incluir\u00e1 el numero de usuarios afectados por la posible brecha de seguridad, los tipos y categor\u00edas de los datos afectados, la descripci\u00f3n de estos datos, los efectos y consecuencias posibles de la brecha de seguridad y las medidas que se han adoptado para solucionar la situaci\u00f3n y prevenir nuevas brechas en un futuro.<\/p>\n\n\n\n<p>Con respecto a la seguridad de la web, este sitio no recopila ni almacena datos sensibles referidos a tarjetas de cr\u00e9dito o datos bancarios de los usuarios, utiliza siempre contrase\u00f1as seguras para acceder al panel de administraci\u00f3n, crea copias de seguridad automatizadas y mantiene siempre actualizado todo el software que interact\u00faa con WordPress (plugins y aplicaciones de terceros) adem\u00e1s de contar con diferentes medidas anti malware, spam y limitadores de intentos de login.<\/p>\n\n\n\n<ol class=\"wp-block-list\" start=\"5\">\n<li><strong>Sobre el acceso al sitio<\/strong><\/li>\n<\/ol>\n\n\n\n<p>El acceso al sitio web www.muestrat.com atribuye a quien lo realiza la condici\u00f3n de USUARIO, y expresa la aceptaci\u00f3n plena y sin reservas por parte del USUARIO de todas y cada una de las presentes Condiciones de Uso, sin perjuicio de las condiciones particulares que sea preciso aplicar en el caso de que el USUARIO desee contratar alguno de los servicios que se le ofrecen en la web.<\/p>\n\n\n\n<ol class=\"wp-block-list\" start=\"6\">\n<li><strong>Sobre el uso de los contenidos<\/strong><\/li>\n<\/ol>\n\n\n\n<p>El USUARIO se compromete a realizar un buen uso de los contenidos y servicios de www.muestrat.com, que nunca podr\u00e1n ser utilizados para actividades il\u00edcitas o que puedan ser contrarias al orden p\u00fablico, la defensa nacional o la salud p\u00fablica. Cualquier utilizaci\u00f3n por parte del USUARIO de los contenidos y servicios habr\u00e1 de respetar los principios indicados en el p\u00e1rrafo anterior.<\/p>\n\n\n\n<p>El USUARIO est\u00e1 expresamente autorizado para visualizar toda la informaci\u00f3n contenida en el sitio web, as\u00ed como para efectuar reproducciones privadas de la misma en sus sistemas inform\u00e1ticos, siempre y cuando dichos contenidos sean para su uso exclusivo y no sean posteriormente cedidos a terceros.<\/p>\n\n\n\n<ol class=\"wp-block-list\" start=\"7\">\n<li><strong>Sobre la Propiedad Intelectual e Industrial<\/strong><\/li>\n<\/ol>\n\n\n\n<p>Todas las marcas, logotipos, nombres comerciales, signos distintivos, servicios, contenidos, v\u00eddeos, textos, fotograf\u00edas, gr\u00e1ficos, im\u00e1genes e informaciones de cualquier clase que aparecen en esta web son igualmente de propiedad de Ca Nostra, por lo que no podr\u00e1n ser reproducidos, distribuidos, comunicados p\u00fablicamente, transformados o modificados sin su autorizaci\u00f3n expresa y por escrito.<\/p>\n\n\n\n<p>Ca Nostra se reserva expresamente los derechos de reproducci\u00f3n, modificaci\u00f3n, adaptaci\u00f3n, comunicaci\u00f3n p\u00fablica, mantenimiento, correcci\u00f3n de errores, cesi\u00f3n, venta, alquiler, pr\u00e9stamo y cualquier otro derecho de propiedad intelectual o industrial sobre los contenidos de la web , prohibi\u00e9ndose el ejercicio de los anteriores derechos sin su autorizaci\u00f3n expresa.<\/p>\n\n\n\n<ol class=\"wp-block-list\" start=\"8\">\n<li><strong>Sobre cambios y modificaciones<\/strong><\/li>\n<\/ol>\n\n\n\n<p>Ca Nostra se reserva la facultad de efectuar, en cualquier momento y sin necesidad de previo aviso, modificaciones y actualizaciones de la informaci\u00f3n contenida en su web, de la configuraci\u00f3n y presentaci\u00f3n de \u00e9ste y de las condiciones de acceso.<\/p>\n\n\n\n<ol class=\"wp-block-list\" start=\"9\">\n<li><strong>Sobre errores de acceso<\/strong><\/li>\n<\/ol>\n\n\n\n<p>Ca Nostra no garantiza la inexistencia de interrupciones o errores en el acceso al web, en su contenido, ni que \u00e9ste se encuentre actualizado, aunque desarrollar\u00e1 sus mejores esfuerzos para, en su caso, evitarlos, subsanarlos o actualizarlos.<\/p>\n\n\n\n<ol class=\"wp-block-list\" start=\"10\">\n<li><strong>Sobre la responsabilidad del usuario<\/strong><\/li>\n<\/ol>\n\n\n\n<p>Tanto el acceso a este sitio web como el uso que pueda hacerse de la informaci\u00f3n contenida en el mismo es de la exclusiva responsabilidad de quien lo realiza. Ca Nostra no responder\u00e1 de ninguna consecuencia, da\u00f1o o perjuicio que pudieran derivarse de dicho acceso o uso de la informaci\u00f3n. Ca Nostra no se hace responsable de los posibles errores de seguridad que se puedan producir ni de los posibles da\u00f1os que puedan causarse al sistema inform\u00e1tico del usuario (hardware y software), los ficheros o documentos almacenados en el mismo, como consecuencia de la presencia de virus en el ordenador del usuario utilizado para la conexi\u00f3n a los servicios y contenidos de la web, de un mal funcionamiento del navegador o del uso de versiones no actualizadas del mismo.<\/p>\n\n\n\n<ol class=\"wp-block-list\" start=\"11\">\n<li><strong>Sobre la exenci\u00f3n de responsabilidad en los enlaces o contenidos de terceros<\/strong><\/li>\n<\/ol>\n\n\n\n<p>Ca Nostra no asume responsabilidad alguna derivada de la concesi\u00f3n o contenidos de los enlaces de terceros a los que se hace referencia en la web, ni garantiza la ausencia de virus u otros elementos en los mismos que puedan producir alteraciones en el sistema inform\u00e1tico (hardware y software), los documentos o los ficheros del usuario, excluyendo cualquier responsabilidad por los da\u00f1os de cualquier clase causados al usuario por este motivo. Ca Nostra no se responsabiliza de la exactitud, veracidad y vigencia de las informaciones que no sean de elaboraci\u00f3n propia y cuyos contenidos pertenezcan a fuentes de informaci\u00f3n de terceros ajenos a ella. Al respecto, Ca Nostra s\u00f3lo responder\u00e1 de los servicios propios y contenidos directamente originados por ella e identificados con su Copyright como una marca o propiedad intelectual o industrial de Ca Nostra.<\/p>\n\n\n\n<ol class=\"wp-block-list\" start=\"12\">\n<li><strong>Sobre la utilizaci\u00f3n de la informaci\u00f3n contenida en esta web<\/strong><\/li>\n<\/ol>\n\n\n\n<p>La utilizaci\u00f3n no autorizada de la informaci\u00f3n contenida en esta web, su reventa, as\u00ed como la lesi\u00f3n de los derechos de Propiedad Intelectual o Industrial de Ca Nostra, dar\u00e1 lugar a las responsabilidades legalmente establecidas.<\/p>\n\n\n\n<p>El establecimiento de un enlace o link a otra p\u00e1gina o sitio en Internet, no implica en ning\u00fan caso la aceptaci\u00f3n y aprobaci\u00f3n por parte de Ca Nostra de sus contenidos o servicios, y por tanto no asume ninguna responsabilidad por ellos.<\/p>\n\n\n\n<ol class=\"wp-block-list\" start=\"13\">\n<li><strong>Sobre los tribunales<\/strong><\/li>\n<\/ol>\n\n\n\n<p>Ca Nostra y el usuario, con renuncia expresa a cualquier otro fuero, se someten al de los juzgados y tribunales del domicilio del usuario para cualquier controversia que pudiera derivarse del acceso a esta web. En el caso de que el usuario tenga su domicilio fuera de Espa\u00f1a, Ca Nostra y el usuario se someten, con renuncia expresa a cualquier otro fuero, a los juzgados y tribunales de la ciudad de Madrid (Espa\u00f1a).<\/p>\n","protected":false},"excerpt":{"rendered":"<p>A trav\u00e9s del presente aviso, el prestador de servicios de la sociedad de la informaci\u00f3n, proporciona los datos que est\u00e1 obligado a poner a disposici\u00f3n de los consumidores y usuarios, por imperativo del Art. 10 de la Ley 34\/2002, de 11 de julio, de servicios de la sociedad de la informaci\u00f3n y de comercio electr\u00f3nico&hellip;&nbsp;<a href=\"https:\/\/restaurante-canostra.com\/en\/aviso-legal\/\" rel=\"bookmark\">Read More &raquo;<span class=\"screen-reader-text\">Imprint<\/span><\/a><\/p>\n","protected":false},"author":1,"featured_media":0,"parent":0,"menu_order":0,"comment_status":"closed","ping_status":"closed","template":"","meta":{"neve_meta_sidebar":"","neve_meta_container":"","neve_meta_enable_content_width":"","neve_meta_content_width":0,"neve_meta_title_alignment":"","neve_meta_author_avatar":"","neve_post_elements_order":"","neve_meta_disable_header":"","neve_meta_disable_footer":"","neve_meta_disable_title":"","footnotes":""},"class_list":["post-118","page","type-page","status-publish","hentry"],"_links":{"self":[{"href":"https:\/\/restaurante-canostra.com\/en\/wp-json\/wp\/v2\/pages\/118","targetHints":{"allow":["GET"]}}],"collection":[{"href":"https:\/\/restaurante-canostra.com\/en\/wp-json\/wp\/v2\/pages"}],"about":[{"href":"https:\/\/restaurante-canostra.com\/en\/wp-json\/wp\/v2\/types\/page"}],"author":[{"embeddable":true,"href":"https:\/\/restaurante-canostra.com\/en\/wp-json\/wp\/v2\/users\/1"}],"replies":[{"embeddable":true,"href":"https:\/\/restaurante-canostra.com\/en\/wp-json\/wp\/v2\/comments?post=118"}],"version-history":[{"count":14,"href":"https:\/\/restaurante-canostra.com\/en\/wp-json\/wp\/v2\/pages\/118\/revisions"}],"predecessor-version":[{"id":418,"href":"https:\/\/restaurante-canostra.com\/en\/wp-json\/wp\/v2\/pages\/118\/revisions\/418"}],"wp:attachment":[{"href":"https:\/\/restaurante-canostra.com\/en\/wp-json\/wp\/v2\/media?parent=118"}],"curies":[{"name":"wp","href":"https:\/\/api.w.org\/{rel}","templated":true}]}}